{"id":15,"date":"2015-12-08T18:31:20","date_gmt":"2015-12-08T18:31:20","guid":{"rendered":"http:\/\/tazaspublicidad.es\/blog\/?page_id=15"},"modified":"2016-10-11T08:31:34","modified_gmt":"2016-10-11T08:31:34","slug":"home","status":"publish","type":"page","link":"https:\/\/tazaspublicidad.es\/blog\/home\/","title":{"rendered":"Home"},"content":{"rendered":"<p>[vc_row][vc_column][vc_column_text][rev_slider alias=\u00bbTAZAS\u00bb]<\/p>\n<div style=\"background:#F1F1F1;width=100%;\">\n<div class=\"nm-row  nm-row-boxed\">\n<div class=\"col-xs-12\">\n<ul class=\"nm-footer-block-grid small-block-grid-1 medium-block-grid-2 large-block-grid-3\">\n<li style=\"background: #F1F1F1; height: 200px;\"><img decoding=\"async\" style=\"float: left;\" src=\"http:\/\/www.tazaspublicidad.es\/wp-content\/uploads\/icono_tazas_personalizadas.jpg\" alt=\"\" \/><br \/>\n<br \/>\n<u>A PARTIR DE 25 UNIDADES<\/u><br \/>\nCompra tus tazas publicitarias con tu logotipo a partir de 25 unidades, trabajamos tanto con PYMEs como Multinacionales.<\/li>\n<li style=\"background: #F1F1F1; height: 200px;\"><img decoding=\"async\" style=\"float: left;\" src=\"http:\/\/www.tazaspublicidad.es\/wp-content\/uploads\/icono_cronometro_v2.jpg\" alt=\"\" \/><br \/>\n<br \/>\n<u>TUS TAZAS PERSONALIZADAS EN 7 D\u00cdAS<\/u><br \/>\nTe entregamos tus tazas personalizadas en un tiempo r\u00e9cord. Conf\u00eda en nosotros, no te defraudaremos.<\/li>\n<li style=\"background: #F1F1F1; height: 200px;\"><img decoding=\"async\" style=\"float: left;\" src=\"http:\/\/www.tazaspublicidad.es\/wp-content\/uploads\/icono_tazas_baratas.jpg\" alt=\"\" \/><br \/>\n<br \/>\n<u>MEJOR PRECIO GARANTIZADO<\/u><br \/>\nSomos fabricantes e impresores con lo que podemos ofrecer los mejores precios del mercado espa\u00f1ol.<\/li>\n<\/ul>\n<\/div>\n<\/div>\n<\/div>\n<p><\/p>\n<div class=\"nm-row\">\n<div class=\"col-xs-12\">\n<center><\/p>\n<h1>Tazas personalizadas publicitarias para Empresas y Eventos<\/h1>\n<p>\n<\/center><\/p>\n<div style=\"\" class=\"nm-row nm-row-full  vc_custom_1455050018747\">\n<div class=\"col-sm-5 nm_column\">\n<div class=\"wpb_wrapper\">\n<iframe style=\"width:100%; height:263px; border:0px;\" src=\"http:\/\/www.youtube-nocookie.com\/embed\/s4gAPbApzfc?rel=0;3&amp;autohide=1&amp;showinfo=0\" allowfullscreen> <\/iframe>\n                <\/div>\n<\/p><\/div>\n<div class=\"col-sm-7 nm_column\">\n<div class=\"wpb_wrapper\">\n<p>Bienvenidos, somos Giftcampaign S.L. especialista en regalo promocional y fabricantes de tazas personalizadas para empresas y particulares. Imprimimos la tazas con tu logo o mensaje con varias t\u00e9cnicas de marcaje desde serigraf\u00eda, transfer serigr\u00e1fico o incuso transfer fotogr\u00e1fico para que la taza de tu empresa sea \u00fanica y diferente. <a href=\"http:\/\/tazaspublicidad.es\/blog\/productos\/taza-personalizada-clasica\/\"><b>Consigue tu taza personalizada por solo 1,15\u20ac.<\/b><\/a> <\/p>\n<p>Tenemos m\u00e1s de 100 modelos diferentes donde elegir con lo que estamos seguro de que encontraras la taza personalizada que encajara con la imagen corporativa de tu empresa. En nuestro catalgo encontraras tazas para publicidad tanto tipo mug como de t\u00e9 y de caf\u00e9, tazas t\u00e9rmicas con logo, termos personalizados, vasos con logotipo,&#8230; contacta con nosotros si necesitas tazas personalizadas para tu empresa. <\/p>\n<\/div>\n<\/div>\n<\/div>\n<\/div>\n<\/div>\n","protected":false},"excerpt":{"rendered":"<p>[vc_row][vc_column][vc_column_text][rev_slider alias=\u00bbTAZAS\u00bb] A PARTIR DE 25 UNIDADES Compra tus tazas publicitarias con tu logotipo a partir de 25 unidades, trabajamos tanto con PYMEs como Multinacionales. TUS TAZAS PERSONALIZADAS EN 7 D\u00cdAS Te entregamos tus tazas personalizadas en un tiempo r\u00e9cord. Conf\u00eda en nosotros, no te defraudaremos. MEJOR PRECIO GARANTIZADO Somos fabricantes e impresores con lo &hellip;<\/p>\n","protected":false},"author":1,"featured_media":0,"parent":0,"menu_order":0,"comment_status":"closed","ping_status":"closed","template":"","meta":{"footnotes":""},"class_list":["post-15","page","type-page","status-publish"],"yoast_head":"<!-- This site is optimized with the Yoast SEO plugin v27.0 - https:\/\/yoast.com\/product\/yoast-seo-wordpress\/ -->\n<title>Tazas Personalizadas publicitarias Empresas | Desde 1,15\u20ac<\/title>\n<meta name=\"description\" content=\"Venta al por mayor de tazas publicitarias personalizadas para empresas, eventos y publicidad. Desde 25 unidades. Compra al mejor precio!\" \/>\n<meta name=\"robots\" content=\"index, follow, max-snippet:-1, max-image-preview:large, max-video-preview:-1\" \/>\n<link rel=\"canonical\" href=\"http:\/\/tazaspublicidad.es\" \/>\n<meta property=\"og:locale\" content=\"es_ES\" \/>\n<meta property=\"og:type\" content=\"article\" \/>\n<meta property=\"og:title\" content=\"Tazas Personalizadas publicitarias Empresas | Desde 1,15\u20ac\" \/>\n<meta property=\"og:description\" content=\"Venta al por mayor de tazas publicitarias personalizadas para empresas, eventos y publicidad. Desde 25 unidades. Compra al mejor precio!\" \/>\n<meta property=\"og:url\" content=\"http:\/\/tazaspublicidad.es\" \/>\n<meta property=\"og:site_name\" content=\"Blog Tazaspublicidad.es\" \/>\n<meta property=\"article:modified_time\" content=\"2016-10-11T08:31:34+00:00\" \/>\n<meta property=\"og:image\" content=\"http:\/\/www.tazaspublicidad.es\/wp-content\/uploads\/icono_tazas_personalizadas.jpg\" \/>\n<meta name=\"twitter:card\" content=\"summary_large_image\" \/>\n<meta name=\"twitter:label1\" content=\"Tiempo de lectura\" \/>\n\t<meta name=\"twitter:data1\" content=\"1 minuto\" \/>\n<script type=\"application\/ld+json\" class=\"yoast-schema-graph\">{\"@context\":\"https:\/\/schema.org\",\"@graph\":[{\"@type\":\"WebPage\",\"@id\":\"https:\/\/tazaspublicidad.es\/blog\/home\/\",\"url\":\"http:\/\/tazaspublicidad.es\",\"name\":\"Tazas Personalizadas publicitarias Empresas | Desde 1,15\u20ac\",\"isPartOf\":{\"@id\":\"https:\/\/tazaspublicidad.es\/blog\/#website\"},\"primaryImageOfPage\":{\"@id\":\"http:\/\/tazaspublicidad.es#primaryimage\"},\"image\":{\"@id\":\"http:\/\/tazaspublicidad.es#primaryimage\"},\"thumbnailUrl\":\"http:\/\/www.tazaspublicidad.es\/wp-content\/uploads\/icono_tazas_personalizadas.jpg\",\"datePublished\":\"2015-12-08T18:31:20+00:00\",\"dateModified\":\"2016-10-11T08:31:34+00:00\",\"description\":\"Venta al por mayor de tazas publicitarias personalizadas para empresas, eventos y publicidad. Desde 25 unidades. Compra al mejor precio!\",\"breadcrumb\":{\"@id\":\"http:\/\/tazaspublicidad.es#breadcrumb\"},\"inLanguage\":\"es\",\"potentialAction\":[{\"@type\":\"ReadAction\",\"target\":[\"http:\/\/tazaspublicidad.es\"]}]},{\"@type\":\"ImageObject\",\"inLanguage\":\"es\",\"@id\":\"http:\/\/tazaspublicidad.es#primaryimage\",\"url\":\"http:\/\/www.tazaspublicidad.es\/wp-content\/uploads\/icono_tazas_personalizadas.jpg\",\"contentUrl\":\"http:\/\/www.tazaspublicidad.es\/wp-content\/uploads\/icono_tazas_personalizadas.jpg\"},{\"@type\":\"BreadcrumbList\",\"@id\":\"http:\/\/tazaspublicidad.es#breadcrumb\",\"itemListElement\":[{\"@type\":\"ListItem\",\"position\":1,\"name\":\"Portada\",\"item\":\"https:\/\/tazaspublicidad.es\/blog\/\"},{\"@type\":\"ListItem\",\"position\":2,\"name\":\"Home\"}]},{\"@type\":\"WebSite\",\"@id\":\"https:\/\/tazaspublicidad.es\/blog\/#website\",\"url\":\"https:\/\/tazaspublicidad.es\/blog\/\",\"name\":\"Blog Tazaspublicidad.es\",\"description\":\"Tazas Personalizadas para Empresas\",\"publisher\":{\"@id\":\"https:\/\/tazaspublicidad.es\/blog\/#organization\"},\"potentialAction\":[{\"@type\":\"SearchAction\",\"target\":{\"@type\":\"EntryPoint\",\"urlTemplate\":\"https:\/\/tazaspublicidad.es\/blog\/?s={search_term_string}\"},\"query-input\":{\"@type\":\"PropertyValueSpecification\",\"valueRequired\":true,\"valueName\":\"search_term_string\"}}],\"inLanguage\":\"es\"},{\"@type\":\"Organization\",\"@id\":\"https:\/\/tazaspublicidad.es\/blog\/#organization\",\"name\":\"Tazas Publicidad\",\"url\":\"https:\/\/tazaspublicidad.es\/blog\/\",\"logo\":{\"@type\":\"ImageObject\",\"inLanguage\":\"es\",\"@id\":\"https:\/\/tazaspublicidad.es\/blog\/#\/schema\/logo\/image\/\",\"url\":\"https:\/\/tazaspublicidad.es\/blog\/wp-content\/uploads\/2023\/01\/Logo-gift-campaign-2.jpg\",\"contentUrl\":\"https:\/\/tazaspublicidad.es\/blog\/wp-content\/uploads\/2023\/01\/Logo-gift-campaign-2.jpg\",\"width\":1200,\"height\":204,\"caption\":\"Tazas Publicidad\"},\"image\":{\"@id\":\"https:\/\/tazaspublicidad.es\/blog\/#\/schema\/logo\/image\/\"}}]}<\/script>\n<!-- \/ Yoast SEO plugin. -->","yoast_head_json":{"title":"Tazas Personalizadas publicitarias Empresas | Desde 1,15\u20ac","description":"Venta al por mayor de tazas publicitarias personalizadas para empresas, eventos y publicidad. Desde 25 unidades. Compra al mejor precio!","robots":{"index":"index","follow":"follow","max-snippet":"max-snippet:-1","max-image-preview":"max-image-preview:large","max-video-preview":"max-video-preview:-1"},"canonical":"http:\/\/tazaspublicidad.es","og_locale":"es_ES","og_type":"article","og_title":"Tazas Personalizadas publicitarias Empresas | Desde 1,15\u20ac","og_description":"Venta al por mayor de tazas publicitarias personalizadas para empresas, eventos y publicidad. Desde 25 unidades. Compra al mejor precio!","og_url":"http:\/\/tazaspublicidad.es","og_site_name":"Blog Tazaspublicidad.es","article_modified_time":"2016-10-11T08:31:34+00:00","og_image":[{"url":"http:\/\/www.tazaspublicidad.es\/wp-content\/uploads\/icono_tazas_personalizadas.jpg","type":"","width":"","height":""}],"twitter_card":"summary_large_image","twitter_misc":{"Tiempo de lectura":"1 minuto"},"schema":{"@context":"https:\/\/schema.org","@graph":[{"@type":"WebPage","@id":"https:\/\/tazaspublicidad.es\/blog\/home\/","url":"http:\/\/tazaspublicidad.es","name":"Tazas Personalizadas publicitarias Empresas | Desde 1,15\u20ac","isPartOf":{"@id":"https:\/\/tazaspublicidad.es\/blog\/#website"},"primaryImageOfPage":{"@id":"http:\/\/tazaspublicidad.es#primaryimage"},"image":{"@id":"http:\/\/tazaspublicidad.es#primaryimage"},"thumbnailUrl":"http:\/\/www.tazaspublicidad.es\/wp-content\/uploads\/icono_tazas_personalizadas.jpg","datePublished":"2015-12-08T18:31:20+00:00","dateModified":"2016-10-11T08:31:34+00:00","description":"Venta al por mayor de tazas publicitarias personalizadas para empresas, eventos y publicidad. Desde 25 unidades. Compra al mejor precio!","breadcrumb":{"@id":"http:\/\/tazaspublicidad.es#breadcrumb"},"inLanguage":"es","potentialAction":[{"@type":"ReadAction","target":["http:\/\/tazaspublicidad.es"]}]},{"@type":"ImageObject","inLanguage":"es","@id":"http:\/\/tazaspublicidad.es#primaryimage","url":"http:\/\/www.tazaspublicidad.es\/wp-content\/uploads\/icono_tazas_personalizadas.jpg","contentUrl":"http:\/\/www.tazaspublicidad.es\/wp-content\/uploads\/icono_tazas_personalizadas.jpg"},{"@type":"BreadcrumbList","@id":"http:\/\/tazaspublicidad.es#breadcrumb","itemListElement":[{"@type":"ListItem","position":1,"name":"Portada","item":"https:\/\/tazaspublicidad.es\/blog\/"},{"@type":"ListItem","position":2,"name":"Home"}]},{"@type":"WebSite","@id":"https:\/\/tazaspublicidad.es\/blog\/#website","url":"https:\/\/tazaspublicidad.es\/blog\/","name":"Blog Tazaspublicidad.es","description":"Tazas Personalizadas para Empresas","publisher":{"@id":"https:\/\/tazaspublicidad.es\/blog\/#organization"},"potentialAction":[{"@type":"SearchAction","target":{"@type":"EntryPoint","urlTemplate":"https:\/\/tazaspublicidad.es\/blog\/?s={search_term_string}"},"query-input":{"@type":"PropertyValueSpecification","valueRequired":true,"valueName":"search_term_string"}}],"inLanguage":"es"},{"@type":"Organization","@id":"https:\/\/tazaspublicidad.es\/blog\/#organization","name":"Tazas Publicidad","url":"https:\/\/tazaspublicidad.es\/blog\/","logo":{"@type":"ImageObject","inLanguage":"es","@id":"https:\/\/tazaspublicidad.es\/blog\/#\/schema\/logo\/image\/","url":"https:\/\/tazaspublicidad.es\/blog\/wp-content\/uploads\/2023\/01\/Logo-gift-campaign-2.jpg","contentUrl":"https:\/\/tazaspublicidad.es\/blog\/wp-content\/uploads\/2023\/01\/Logo-gift-campaign-2.jpg","width":1200,"height":204,"caption":"Tazas Publicidad"},"image":{"@id":"https:\/\/tazaspublicidad.es\/blog\/#\/schema\/logo\/image\/"}}]}},"_links":{"self":[{"href":"https:\/\/tazaspublicidad.es\/blog\/wp-json\/wp\/v2\/pages\/15","targetHints":{"allow":["GET"]}}],"collection":[{"href":"https:\/\/tazaspublicidad.es\/blog\/wp-json\/wp\/v2\/pages"}],"about":[{"href":"https:\/\/tazaspublicidad.es\/blog\/wp-json\/wp\/v2\/types\/page"}],"author":[{"embeddable":true,"href":"https:\/\/tazaspublicidad.es\/blog\/wp-json\/wp\/v2\/users\/1"}],"replies":[{"embeddable":true,"href":"https:\/\/tazaspublicidad.es\/blog\/wp-json\/wp\/v2\/comments?post=15"}],"version-history":[{"count":57,"href":"https:\/\/tazaspublicidad.es\/blog\/wp-json\/wp\/v2\/pages\/15\/revisions"}],"predecessor-version":[{"id":1099,"href":"https:\/\/tazaspublicidad.es\/blog\/wp-json\/wp\/v2\/pages\/15\/revisions\/1099"}],"wp:attachment":[{"href":"https:\/\/tazaspublicidad.es\/blog\/wp-json\/wp\/v2\/media?parent=15"}],"curies":[{"name":"wp","href":"https:\/\/api.w.org\/{rel}","templated":true}]}}